{"id":4,"date":"2016-02-12T07:54:41","date_gmt":"2016-02-12T07:54:41","guid":{"rendered":"http:\/\/demos.famethemes.com\/onepress\/?page_id=4"},"modified":"2022-09-16T11:52:31","modified_gmt":"2022-09-16T11:52:31","slug":"home","status":"publish","type":"page","link":"https:\/\/dbart.hu\/en_GB\/","title":{"rendered":"Home"},"content":{"rendered":"","protected":false},"excerpt":{"rendered":"","protected":false},"author":1,"featured_media":1504,"parent":0,"menu_order":0,"comment_status":"closed","ping_status":"closed","template":"","meta":{"advgb_blocks_editor_width":"","advgb_blocks_columns_visual_guide":"","footnotes":""},"coauthors":[],"author_meta":{"author_link":"https:\/\/dbart.hu\/en_GB\/author\/dbarthu\/","display_name":"dbarthu"},"relative_dates":{"created":"Posted 10 \u00e9v ago","modified":"Updated 4 \u00e9v ago"},"absolute_dates":{"created":"Posted on febru\u00e1r 12, 2016","modified":"Updated on szeptember 16, 2022"},"absolute_dates_time":{"created":"Posted on febru\u00e1r 12, 2016 7:54 de.","modified":"Updated on szeptember 16, 2022 11:52 de."},"featured_img_caption":"","featured_img":"https:\/\/dbart.hu\/wp-content\/uploads\/2017\/09\/cropped-dbart_hatter_100-1.png","series_order":"","_links":{"self":[{"href":"https:\/\/dbart.hu\/en_GB\/wp-json\/wp\/v2\/pages\/4"}],"collection":[{"href":"https:\/\/dbart.hu\/en_GB\/wp-json\/wp\/v2\/pages"}],"about":[{"href":"https:\/\/dbart.hu\/en_GB\/wp-json\/wp\/v2\/types\/page"}],"author":[{"embeddable":true,"href":"https:\/\/dbart.hu\/en_GB\/wp-json\/wp\/v2\/users\/1"}],"replies":[{"embeddable":true,"href":"https:\/\/dbart.hu\/en_GB\/wp-json\/wp\/v2\/comments?post=4"}],"version-history":[{"count":3,"href":"https:\/\/dbart.hu\/en_GB\/wp-json\/wp\/v2\/pages\/4\/revisions"}],"predecessor-version":[{"id":1531,"href":"https:\/\/dbart.hu\/en_GB\/wp-json\/wp\/v2\/pages\/4\/revisions\/1531"}],"wp:featuredmedia":[{"embeddable":true,"href":"https:\/\/dbart.hu\/en_GB\/wp-json\/wp\/v2\/media\/1504"}],"wp:attachment":[{"href":"https:\/\/dbart.hu\/en_GB\/wp-json\/wp\/v2\/media?parent=4"}],"curies":[{"name":"wp","href":"https:\/\/api.w.org\/{rel}","templated":true}]}}